{"id":436,"date":"2020-03-19T13:09:29","date_gmt":"2020-03-19T13:09:29","guid":{"rendered":"https:\/\/fengshuiconsulting.at\/?page_id=436"},"modified":"2024-08-13T06:52:28","modified_gmt":"2024-08-13T06:52:28","slug":"agb","status":"publish","type":"page","link":"https:\/\/fengshuiconsulting.at\/index.php\/agb\/","title":{"rendered":"AGB"},"content":{"rendered":"\t\t<div data-elementor-type=\"wp-page\" data-elementor-id=\"436\" class=\"elementor elementor-436\" data-elementor-post-type=\"page\">\n\t\t\t\t\t\t<section class=\"elementor-section elementor-top-section elementor-element elementor-element-b10c720 elementor-section-boxed elementor-section-height-default elementor-section-height-default\" data-id=\"b10c720\" data-element_type=\"section\">\n\t\t\t\t\t\t<div class=\"elementor-container elementor-column-gap-default\">\n\t\t\t\t\t<div class=\"elementor-column elementor-col-100 elementor-top-column elementor-element elementor-element-70e3fcc\" data-id=\"70e3fcc\" data-element_type=\"column\">\n\t\t\t<div class=\"elementor-widget-wrap elementor-element-populated\">\n\t\t\t\t\t\t<div class=\"elementor-element elementor-element-9a9ab85 elementor-widget elementor-widget-heading\" data-id=\"9a9ab85\" data-element_type=\"widget\" data-widget_type=\"heading.default\">\n\t\t\t\t<div class=\"elementor-widget-container\">\n\t\t\t\t\t<h2 class=\"elementor-heading-title elementor-size-default\">AGB <strong data-new-link=\"true\">\u2013 Allgemeine Gesch\u00e4fts&shy;bedingungen<\/strong><\/h2>\t\t\t\t<\/div>\n\t\t\t\t<\/div>\n\t\t\t\t<div class=\"elementor-element elementor-element-c029539 elementor-widget elementor-widget-text-editor\" data-id=\"c029539\" data-element_type=\"widget\" data-widget_type=\"text-editor.default\">\n\t\t\t\t<div class=\"elementor-widget-container\">\n\t\t\t\t\t\t\t\t\t<p><em data-new-link=\"true\"><strong>1. Allgemeine Bestimmungen<\/strong><\/em><br \/>1.1. Die nachfolgenden Allgemeinen Gesch\u00e4ftsbedingungen gelten f\u00fcr alle Gesch\u00e4ftst\u00e4tigkeiten der Firma Feng Shui Consulting GmbH.<br \/>1.2. Abweichende Regelungen bed\u00fcrfen der schriftlichen Zustimmung der Firma Feng Shui Consulting GmbH, A-4680 Haag am Hausruck, Mitterweg 22.<br \/>1.3. Gesch\u00e4ftst\u00e4tigkeiten der Firma Feng Shui Consulting GmbH:<br \/>Feng Shui- und Geomantie-Beratungen im Privat- und Unternehmensbereich<br \/>&#8211; Auswertungen, Inhalte, Anwendungen usw.<br \/>Produktberatung f\u00fcr Unternehmen<br \/>&#8211; Design, Logo, Funktionen, strukturelle Elemente usw.<br \/>Veranstaltung von Seminaren<br \/>&#8211; Allgemein, Business und Spezifische<br \/>&#8211; Inhalte, Layout, Anwendung usw.<br \/>Abhaltung von Kursen<br \/>&#8211; Ausbildung zum Feng Shui-Berater<br \/>&#8211; Inhalte, Layout, Anwendung usw.<br \/><br \/><em data-new-link=\"true\"><strong>2. Zustandekommen eines Vertrages<\/strong><\/em><br \/>2.1. Alle Angebote sind freibleibend. Weiters beh\u00e4lt sich die Firma Feng Shui Consulting GmbH Preis- bzw. Produkt\u00e4nderungen ohne vorherige Ank\u00fcndigung vor.<br \/>2.2. Der Vertrag zwischen dem Kunden und der Feng Shui Consulting GmbH kommt erst durch einen Auftrag und dessen Annahme durch die Feng Shui Consulting GmbH zustande.<br \/>2.3. Die Feng Shui Consulting GmbH beh\u00e4lt sich vor, die Eignung von Personen, Kunden bzw. die Qualifizierung an der Teilnahme an Seminaren, Kursen und an der Ausbildung zu bestimmen und allenfalls im Falle fehlender Einigung keinen Vertrag abzuschlie\u00dfen. Dies gilt auch f\u00fcr eine laufende Ausbildung. Ebenso gilt dies auch w\u00e4hrend Seminaren oder Kursen.<br \/>2.4. Die Feng Shui Consulting GmbH erstellt eine Beratungsinfo als Angebot bzw. als Auftragsgrundlage. Die Beratungsinfo wird beim unverbindlichen Erstgespr\u00e4ch erstellt und \u00fcbergeben. Sie gilt als Auftragsbest\u00e4tigung bei m\u00fcndlicher Erteilung des Auftrages. Hier werden Name, Anschrift, Kontaktdaten, Daten &#8211; Namen, Auftragsobjekt, grunds\u00e4tzlicher Beratungsumfang, Kosten und Zahlungsmodalit\u00e4ten, Zeitraum und gegebenenfalls zus\u00e4tzliche Infos aufgenommen und erfasst. Bei Firmen wird gegebenenfalls ein Angebot in Abstimmung mit dem Kunden bzw. auf das Auftragsobjekt schriftlich erstellt.<br \/><br \/><strong data-new-link=\"true\"><em>3 Auftrag und Auftragsabwicklung<\/em><\/strong><br \/>3.1. Sofern nicht anders vereinbart, erfolgt die Durchf\u00fchrung des Auftrags nach der gesch\u00e4fts\u00fcblichen Methode der Firma Feng Shui Consulting GmbH.<br \/>3.2. Termine und Fristen der Feng Shui Consulting GmbH sind unverbindlich. Die Feng Shui Consulting GmbH ist bem\u00fcht, den Auftrag der Situation entsprechend so z\u00fcgig wie m\u00f6glich durchzuf\u00fchren.<br \/>3.3. Nimmt der Kunde w\u00e4hrend der Auftragsabwicklung die Auftragst\u00e4tigkeit der Feng Shui Consulting GmbH nicht an, bzw. bricht den Auftrag ab, so kann die Firma Feng Shui Consulting GmbH die Auftragssumme dennoch in Rechnung stellen.<br \/><br \/><strong data-new-link=\"true\"><em>4. Eigentumsvorbehalt<\/em><\/strong><br \/>4.1. Die Feng Shui Consulting GmbH beh\u00e4lt sich das geistige Eigentum und alle Rechte (Urheberrecht, Verwertungsrechte u.a.) der jeweiligen Gesch\u00e4ftst\u00e4tigkeit vor, insbesondere an Unterlagen, Skripten und Kursunterlagen sowie schriftlichen Beratungsunterlagen und allen elektronisch gespeicherten Daten, es sei denn, die Nutzung durch den Kunden oder die \u00dcbertragung einzelner Rechte an den Kunden ist ausdr\u00fccklicher Vertragsgegenstand.<br \/>4.2. Die gesch\u00e4fts\u00fcblichen T\u00e4tigkeiten der Feng Shui Consulting GmbH werden f\u00fcr jeden Kunden individuell bzw. spezifisch angewendet, woraus sich auch der Umfang der entsprechenden Leistung ergibt.<br \/><br \/><em data-new-link=\"true\"><strong>5. Zahlung<\/strong><\/em><br \/>5.1. Alle Zahlungen durch den Kunden sind mit Erhalt der Rechnung f\u00e4llig.<br \/>5.2. Grunds\u00e4tzlich gilt eine Zahlungsfrist von 7 Tagen mit 2 % Skonto und 14 Tage netto.<br \/>5.3. Bei Kursen und Seminaren ist die Zahlung jeweils vor Kurs- bzw. Seminarbeginn f\u00e4llig, widrigenfalls eine Kurs- bzw. Seminarteilnahme nicht erfolgen kann.<br \/>5 4. Die Auftragssumme wird grunds\u00e4tzlich auf einmal in Rechnung gestellt.<br \/>5.5. Feng Shui Consulting GmbH beh\u00e4lt sich vor, die Zahlungsmodalit\u00e4ten zu \u00e4ndern, auch auftragsspezifisch.<br \/><br \/><em data-new-link=\"true\"><strong>6. Aufrechnung<\/strong><\/em><br \/>6.1. Der Kunde kann nur mit solchen Forderungen aufrechnen, die rechtskr\u00e4ftig festgestellt sind.<br \/><br \/><strong data-new-link=\"true\"><em>7. Gew\u00e4hrleistung und Haftung<\/em><\/strong><br \/>7.1. Die Gew\u00e4hrleistung richtet sich nach den aktuell g\u00fcltigen gesetzlichen Vorschriften, soweit nicht nachfolgend etwas anderes geregelt ist.<br \/>7.2. Bei anderweitiger Anwendung, Verwendung oder Interpretationen von Leistungen, des Know-How&#8217;s, des geistigen Eigentums, der Skripten oder Unterlagen der Feng Shui Consulting GmbH, k\u00f6nnen keine Gew\u00e4hrleistungs- oder Haftungsanpr\u00fcche geltend gemacht werden.<br \/>7.3. Haftung bei Teilnahme an Vortrags-, Seminar- oder Kursveranstaltungen: Die Verantwortung f\u00fcr sein Verhalten tr\u00e4gt jeder Teilnehmer selbst. Anspr\u00fcche an den Veranstalter sowie an den Kurs- bzw. Seminarleiter sind ausgeschlossen.<br \/>7.4. Kommt es vor oder w\u00e4hrend eines Seminars, Kurses oder Ausbildung zu einem Ausschluss einer Person bzw. Kunden, kann dieser daraus keine Anspr\u00fcche, etwa auf gesamte oder anteilige R\u00fcckzahlung der bezahlten Kurskosten sowie zus\u00e4tzliche Kosten bzw. Folgekosten, geltend machen.<br \/>7.5. Kunden, die Seminare oder Vortr\u00e4ge besuchen, bzw. an der Ausbildung teilnehmen, handeln vollst\u00e4ndig eigenverantwortlich. Es k\u00f6nnen keine Anspr\u00fcche aus deren Arbeit, Umsetzung, Anwendung und Verwendung des Vortrags-, Seminar- und Ausbildungsgegenstandes und Vortrags-, Seminar- und Ausbildungsinhaltes erhoben werden. Dies gilt auch bei praktischen und theoretischen \u00dcbungen. Ebenso gilt dies auch bei beruflicher oder gesch\u00e4ftsm\u00e4\u00dfiger bzw. gewerbsm\u00e4\u00dfiger Arbeit, Anwendung, Verwendung und Umsetzung. Mit der Anmeldung akzeptiert der Kunde vollinhaltlich diese Anmelde- und Teilnahmebedingungen und die Allgemeinen Gesch\u00e4ftsbedingungen der Feng Shui Consulting GmbH.<br \/>7.6. Bei den Leistungen der Firma Feng Shui Consulting GmbH handelt es sich um eine beratende Funktion. Der Kunde setzt die Dienstleistungen freiwillig um. Grunds\u00e4tzlich obliegt dem Kunden die Umsetzung des jeweiligen Vertragsgegenstandes bzw. der Leistung, und somit auch die vollst\u00e4ndige Verantwortung daf\u00fcr. Da die Feng Shui Consulting GmbH keinen Einflu\u00df auf das Verhalten und auf die Eigeninitiative des Kunden nehmen kann, haftet die Feng Shui Consulting GmbH auch nicht f\u00fcr die Umsetzung, sondern nur f\u00fcr die ordnungsgem\u00e4\u00dfe Beratung.<br \/>7.7. Feng Shui Consulting GmbH haftet f\u00fcr Sach- und Verm\u00f6genssch\u00e4den, welche nicht dem Vertragsgegenstand entsprechen, nur bei grob fahrl\u00e4ssigem oder vors\u00e4tzlichem Verhalten.<br \/>7.8. Zwingende gesetzliche Haftungsvorschriften bleiben von den vorstehenden Regelungen unber\u00fchrt.<br \/><br \/><strong data-new-link=\"true\"><em>8. Widerrufsrecht<\/em><\/strong><br \/>8.1. Der Kunde kann seine Bestellung bis zum Beginn der Ausf\u00fchrung des Auftrags widerrufen.<br \/>8.2. Ein Widerrufsrecht besteht nicht mehr, wenn mit Vorbereitungsarbeiten bzw. -leistungen zur Auftragserf\u00fcllung seitens der Feng Shui Consulting GmbH bereits begonnen wurde.<br \/><br data-new-link=\"true\" \/><strong data-new-link=\"true\"><em>9. Schlussbestimmungen<\/em><\/strong><br \/>9.1. Sollten eine oder mehrere Regelungen dieser AGB&#8217;s unwirksam sein, so zieht es nicht die Unwirksamkeit des gesamten Vertrages nach sich. Die unwirksame Regelung wird durch eine einschl\u00e4gige gesetzliche Regelung oder eine solche Regelung ersetzt, die den Parteiwillen m\u00f6glichst nahe kommt.<br \/>9.2. F\u00fcr alle Anspr\u00fcche aus dem Vertragsverh\u00e4ltnis und alle daraus folgenden Fragen wird die \u00f6sterreichische Zust\u00e4ndigkeit vereinbart.<br \/>9.3. Erf\u00fcllungsort ist A-4680 Haag am Hausruck, Gerichtsstand ist das f\u00fcr A-4600 Wels sachlich in Betracht kommende Gericht.<br \/>9.4. Es gilt \u00f6sterreichisches Recht.<\/p>\t\t\t\t\t\t\t\t<\/div>\n\t\t\t\t<\/div>\n\t\t\t\t<div class=\"elementor-element elementor-element-78d3eef elementor-widget elementor-widget-text-editor\" data-id=\"78d3eef\" data-element_type=\"widget\" data-widget_type=\"text-editor.default\">\n\t\t\t\t<div class=\"elementor-widget-container\">\n\t\t\t\t\t\t\t\t\t<p><a href=\"https:\/\/fengshuiconsulting.at\/index.php\/impressum\/\" target=\"_blank\" rel=\"noopener\">Impressum<\/a>\u00a0 \u00a0<a href=\"https:\/\/fengshuiconsulting.at\/index.php\/datenschutz\/\" target=\"_blank\" rel=\"noopener\">Datenschutz<\/a>\u00a0 \u00a0<a href=\"https:\/\/fengshuiconsulting.at\/index.php\/agb\/\" target=\"_blank\" rel=\"noopener\">AGB&#8217;s<\/a><\/p>\t\t\t\t\t\t\t\t<\/div>\n\t\t\t\t<\/div>\n\t\t\t\t\t<\/div>\n\t\t<\/div>\n\t\t\t\t\t<\/div>\n\t\t<\/section>\n\t\t\t\t<\/div>\n\t\t","protected":false},"excerpt":{"rendered":"<p>AGB \u2013 Allgemeine Gesch\u00e4fts&shy;bedingungen 1. Allgemeine Bestimmungen1.1. Die nachfolgenden Allgemeinen Gesch\u00e4ftsbedingungen gelten f\u00fcr alle Gesch\u00e4ftst\u00e4tigkeiten der Firma Feng Shui Consulting GmbH.1.2. Abweichende [&hellip;]<\/p>\n","protected":false},"author":2,"featured_media":0,"parent":0,"menu_order":0,"comment_status":"closed","ping_status":"closed","template":"elementor_canvas","meta":{"footnotes":""},"class_list":["post-436","page","type-page","status-publish","hentry"],"_links":{"self":[{"href":"https:\/\/fengshuiconsulting.at\/index.php\/wp-json\/wp\/v2\/pages\/436","targetHints":{"allow":["GET"]}}],"collection":[{"href":"https:\/\/fengshuiconsulting.at\/index.php\/wp-json\/wp\/v2\/pages"}],"about":[{"href":"https:\/\/fengshuiconsulting.at\/index.php\/wp-json\/wp\/v2\/types\/page"}],"author":[{"embeddable":true,"href":"https:\/\/fengshuiconsulting.at\/index.php\/wp-json\/wp\/v2\/users\/2"}],"replies":[{"embeddable":true,"href":"https:\/\/fengshuiconsulting.at\/index.php\/wp-json\/wp\/v2\/comments?post=436"}],"version-history":[{"count":16,"href":"https:\/\/fengshuiconsulting.at\/index.php\/wp-json\/wp\/v2\/pages\/436\/revisions"}],"predecessor-version":[{"id":3182,"href":"https:\/\/fengshuiconsulting.at\/index.php\/wp-json\/wp\/v2\/pages\/436\/revisions\/3182"}],"wp:attachment":[{"href":"https:\/\/fengshuiconsulting.at\/index.php\/wp-json\/wp\/v2\/media?parent=436"}],"curies":[{"name":"wp","href":"https:\/\/api.w.org\/{rel}","templated":true}]}}