{"id":432,"date":"2020-03-19T13:02:25","date_gmt":"2020-03-19T13:02:25","guid":{"rendered":"https:\/\/fengshuiconsulting.at\/?page_id=432"},"modified":"2024-08-13T06:52:13","modified_gmt":"2024-08-13T06:52:13","slug":"datenschutz","status":"publish","type":"page","link":"https:\/\/fengshuiconsulting.at\/index.php\/datenschutz\/","title":{"rendered":"Datenschutz"},"content":{"rendered":"\t\t<div data-elementor-type=\"wp-page\" data-elementor-id=\"432\" class=\"elementor elementor-432\" data-elementor-post-type=\"page\">\n\t\t\t\t\t\t<section class=\"elementor-section elementor-top-section elementor-element elementor-element-b10c720 elementor-section-boxed elementor-section-height-default elementor-section-height-default\" data-id=\"b10c720\" data-element_type=\"section\">\n\t\t\t\t\t\t<div class=\"elementor-container elementor-column-gap-default\">\n\t\t\t\t\t<div class=\"elementor-column elementor-col-100 elementor-top-column elementor-element elementor-element-70e3fcc\" data-id=\"70e3fcc\" data-element_type=\"column\">\n\t\t\t<div class=\"elementor-widget-wrap elementor-element-populated\">\n\t\t\t\t\t\t<div class=\"elementor-element elementor-element-9a9ab85 elementor-widget elementor-widget-heading\" data-id=\"9a9ab85\" data-element_type=\"widget\" data-widget_type=\"heading.default\">\n\t\t\t\t<div class=\"elementor-widget-container\">\n\t\t\t\t\t<h2 class=\"elementor-heading-title elementor-size-default\">Datenschutz DSGVO<\/h2>\t\t\t\t<\/div>\n\t\t\t\t<\/div>\n\t\t\t\t<div class=\"elementor-element elementor-element-c029539 elementor-widget elementor-widget-text-editor\" data-id=\"c029539\" data-element_type=\"widget\" data-widget_type=\"text-editor.default\">\n\t\t\t\t<div class=\"elementor-widget-container\">\n\t\t\t\t\t\t\t\t\t<p><strong><em>1. Anfrage<\/em><\/strong><br \/>1.1. Mit der Anfrage stimmt der Kunde den Allgemeinen Gesch\u00e4ftsbedingungen und dem Datenschutz der Feng Shui Consulting GmbH zu.<br \/>1.2. Im Weiteren werden die Daten der Anfrage solange aufbewahrt, bis gekl\u00e4rt ist, ob es zu einem Erstgespr\u00e4ch, Angebot bzw. einem Auftrag kommt.<br \/>1.3. Kommt es dazu nicht, werden s\u00e4mtliche Daten \u2013 Name, Anschrift, Kontakt, Telefon, Infos und eventuelle Unterlagen &#8211; umgehend bzw. innerhalb eines Monats gel\u00f6scht, falls sich der Kunde nicht mehr meldet.<br \/>1.4. Kommt es zu einem Erstgespr\u00e4ch werden Name, Anschrift, Kontaktdaten, Daten &#8211; Namen, Auftragsobjekt, grunds\u00e4tzlicher Beratungsumfang, eventuelle Unterlagen, Kosten und Zahlungsmodalit\u00e4ten, Zeitraum und gegebenfalls zus\u00e4tzliche Infos aufgenommen und erfasst. Diese werden solange aufbewahrt, bis gekl\u00e4rt ist, ob es zu einem Auftrag kommt.<br \/>1.5. Kommt es zu keinem Auftrag, werden alle Daten sowie Unterlagen umgehend gel\u00f6scht bzw. vernichtet. Falls sich der Kunde nicht mehr meldet, erfolgt dies innerhalb eines Monats.<\/p><p><strong><em>2. Auftrag<br \/><\/em><\/strong>2.1. Kommt es zu einem Auftrag, werden die erfassten Daten aufbewahrt. Dies gilt auch f\u00fcr die Daten, Infos und Unterlagen, welche zur Ausf\u00fchrung des Auftrages erhoben wurden bzw. erhalten wurden.<br \/>2.2. Bei einmaligen Auftr\u00e4gen werden die Daten im Rahmen der gesetzlichen Rahmenbedingungen aufbewahrt.<br \/>2.3. Bei unbefristeten Auftr\u00e4gen bzw. fortf\u00fchrenden Auftr\u00e4gen werden die Daten, Infos und Unterlagen solange aufbewahrt, solange der Kunde dies w\u00fcnscht. Nat\u00fcrlich gelten auch hier die gesetzlichen Rahmenbedingungen.<br \/>2.3.1. Die Daten, Infos und Unterlagen werden dann umgehend entsprechend gel\u00f6scht bzw. vernichtet.\u00a0 <br \/>2.4. Personengebundene und unternehmensspezifische Daten, Infos sowie Unterlagen werden nur zur internen Verwendung bzw. zur Auftragsbearbeitung erhoben. Die personengebundenen und unternehmensspezifischen Daten werden nicht an Dritte weitergereicht, und werden vertraulich behandelt.<br \/>2.5. Die Daten, welche der Feng Shui Consulting GmbH zur Verf\u00fcgung gestellt werden, sind durch den Auftraggeber entsprechend der EU-DSGVO \u00fcberpr\u00fcft und f\u00fcr in Ordung und f\u00fcr freigegeben erkl\u00e4rt worden. Hier obliegt die Verantwortung des Datenschutzes beim Kunden &#8211; DSGVO Datenschutzgrundverordnung.<br \/>2.6. Alle Sub \u2013Auftragsverarbeiter sind auf unsere Datenschutzma\u00dfnahmen unterwiesen \u2013 Steuerberater, Bank, usw.<br \/>2.7. Alle Daten werden in versperrbaren Bereichen aufbewahrt.\u00a0Hier ist der Zugang durch Dritte nicht m\u00f6glich. Unsere PC&#8217;s sind mit einem Passwort gesch\u00fctzt. Unsere mobilen Ger\u00e4te sind ebenfalls Passwort, Pin gesch\u00fctzt. Ebenso haben unsere PC&#8217;s sowie der Laptop einen Anti Virus Schutz.<br \/>2.8. Verwendet der Kunde Apps, Programme, Suchmaschinen, Assistenzsysteme, Infotainmentsysteme usw., welche Daten aufzeichnen, auswerten, weiterleiten usw. obliegt die Datensicherheit und Verantwortung beim Kunden.<br \/>2.9. Werden Daten durch Beh\u00f6rde oder Staat verwendet, weitergeleitet usw. obliegt die Verantwortung in dessen Bereich.<br \/>2.10. Wenn Kunden, \u00fcber eine Anfrage hinaus, Infos zu unseren Produkten wollen, wird die Zusendung gesondert vom Kunden freigegeben.<\/p><p><strong>Copyright\/Rechtliches<\/strong><br \/>S\u00e4mtliche Inhalte der Website sowie Layout und Gestaltung sind urheberrechtlich gesch\u00fctzt. Die Vervielf\u00e4ltigung oder \u00dcbernahme von Bestandteilen der Website, insbesondere von Texten, Textteilen, Bildmaterial oder grafischen Darstellungen bedarf der vorherigen schriftlichen Zustimmung von der Firma Feng Shui Constulting GmbH. \u00a0Gleiches gilt auch f\u00fcr Websites, auf die mittels Hyperlink verwiesen wird. Jegliche Verbindungsherstellung zu derartigen Websites erfolgt auf eigene Gefahr.<br \/><br \/>Webdesign \/ Suchmaschinenoptimierung: Firma Br\u00fcckl GmbH (www.brueckl.eu)<br \/><br \/><strong>Datenschutzerkl\u00e4rung<\/strong> <br \/>Diese Website benutzt Google Analytics, einen Webanalysedienst der Google Inc. (\u201eGoogle&#8220;). Google Analytics verwendet sog. \u201eCookies&#8220;, Textdateien, die auf Ihrem Computer gespeichert werden und die eine Analyse der Benutzung der Website durch Sie erm\u00f6glichen. Die durch den Cookie erzeugten Informationen \u00fcber Ihre Benutzung dieser Website (einschlie\u00dflich Ihrer IP-Adresse) wird an einen Server von Google in den USA \u00fcbertragen und dort gespeichert. Google wird diese Informationen benutzen, um Ihre Nutzung der Website auszuwerten, um Reports \u00fcber die Websiteaktivit\u00e4ten f\u00fcr die Websitebetreiber zusammenzustellen und um weitere mit der Websitenutzung und der Internetnutzung verbundene Dienstleistungen zu erbringen. Auch wird Google diese Informationen gegebenenfalls an Dritte \u00fcbertragen, sofern dies gesetzlich vorgeschrieben oder soweit Dritte diese Daten im Auftrag von Google verarbeiten. Google wird in keinem Fall Ihre IP-Adresse mit anderen Daten von Google in Verbindung bringen. Sie k\u00f6nnen die Installation der Cookies durch eine entsprechende Einstellung Ihrer Browser Software verhindern; wir weisen Sie jedoch darauf hin, dass Sie in diesem Fall gegebenenfalls nicht s\u00e4mtliche Funktionen dieser Website voll umf\u00e4nglich nutzen k\u00f6nnen.\u00a0<br \/>Durch die Nutzung dieser Website erkl\u00e4ren Sie sich mit der Bearbeitung der \u00fcber Sie erhobenen Daten durch Google in der zuvor beschriebenen Art und Weise und zu dem zuvor benannten Zweck einverstanden. Der Datenerhebung und -speicherung kann\u00a0jederzeit<br \/>mit Wirkung f\u00fcr die Zukunft widersprochen werden. Angesichts der Diskussion um den Einsatz von Analysetools mit vollst\u00e4ndigen<br \/>IP-Adressen m\u00f6chten wir darauf hinweisen, dass diese Website Google Analytics mit der Erweiterung \u201e_anonymizeIp()&#8220; verwendet und daher IP-Adressen nur gek\u00fcrzt weiterverarbeitet werden, um eine direkte Personenbeziehbarkeit auszuschlie\u00dfen.<\/p>\t\t\t\t\t\t\t\t<\/div>\n\t\t\t\t<\/div>\n\t\t\t\t<div class=\"elementor-element elementor-element-1b07105 elementor-widget elementor-widget-text-editor\" data-id=\"1b07105\" data-element_type=\"widget\" data-widget_type=\"text-editor.default\">\n\t\t\t\t<div class=\"elementor-widget-container\">\n\t\t\t\t\t\t\t\t\t<p><a href=\"https:\/\/fengshuiconsulting.at\/index.php\/impressum\/\" target=\"_blank\" rel=\"noopener\">Impressum<\/a>\u00a0 \u00a0<a href=\"https:\/\/fengshuiconsulting.at\/index.php\/datenschutz\/\" target=\"_blank\" rel=\"noopener\">Datenschutz<\/a>\u00a0 \u00a0<a href=\"https:\/\/fengshuiconsulting.at\/index.php\/agb\/\" target=\"_blank\" rel=\"noopener\">AGB&#8217;s<\/a><\/p>\t\t\t\t\t\t\t\t<\/div>\n\t\t\t\t<\/div>\n\t\t\t\t\t<\/div>\n\t\t<\/div>\n\t\t\t\t\t<\/div>\n\t\t<\/section>\n\t\t\t\t<\/div>\n\t\t","protected":false},"excerpt":{"rendered":"<p>Datenschutz DSGVO 1. Anfrage1.1. Mit der Anfrage stimmt der Kunde den Allgemeinen Gesch\u00e4ftsbedingungen und dem Datenschutz der Feng Shui Consulting GmbH zu.1.2. [&hellip;]<\/p>\n","protected":false},"author":2,"featured_media":0,"parent":0,"menu_order":0,"comment_status":"closed","ping_status":"closed","template":"elementor_canvas","meta":{"footnotes":""},"class_list":["post-432","page","type-page","status-publish","hentry"],"_links":{"self":[{"href":"https:\/\/fengshuiconsulting.at\/index.php\/wp-json\/wp\/v2\/pages\/432","targetHints":{"allow":["GET"]}}],"collection":[{"href":"https:\/\/fengshuiconsulting.at\/index.php\/wp-json\/wp\/v2\/pages"}],"about":[{"href":"https:\/\/fengshuiconsulting.at\/index.php\/wp-json\/wp\/v2\/types\/page"}],"author":[{"embeddable":true,"href":"https:\/\/fengshuiconsulting.at\/index.php\/wp-json\/wp\/v2\/users\/2"}],"replies":[{"embeddable":true,"href":"https:\/\/fengshuiconsulting.at\/index.php\/wp-json\/wp\/v2\/comments?post=432"}],"version-history":[{"count":12,"href":"https:\/\/fengshuiconsulting.at\/index.php\/wp-json\/wp\/v2\/pages\/432\/revisions"}],"predecessor-version":[{"id":3179,"href":"https:\/\/fengshuiconsulting.at\/index.php\/wp-json\/wp\/v2\/pages\/432\/revisions\/3179"}],"wp:attachment":[{"href":"https:\/\/fengshuiconsulting.at\/index.php\/wp-json\/wp\/v2\/media?parent=432"}],"curies":[{"name":"wp","href":"https:\/\/api.w.org\/{rel}","templated":true}]}}